{"id":842,"date":"2024-10-20T05:10:56","date_gmt":"2024-10-20T05:10:56","guid":{"rendered":"https:\/\/bizathuette.com\/?page_id=842"},"modified":"2025-02-17T18:20:57","modified_gmt":"2025-02-17T18:20:57","slug":"ueberuns","status":"publish","type":"page","link":"https:\/\/bizathuette.com\/it\/ueberuns\/","title":{"rendered":"Chi siamo"},"content":{"rendered":"\t\t<div data-elementor-type=\"wp-post\" data-elementor-id=\"842\" class=\"elementor elementor-842\" data-elementor-post-type=\"page\">\n\t\t\t\t\t\t<section class=\"elementor-section elementor-top-section elementor-element elementor-element-64134f5 elementor-section-boxed elementor-section-height-default elementor-section-height-default\" data-id=\"64134f5\" data-element_type=\"section\" data-e-type=\"section\" data-settings=\"{&quot;background_background&quot;:&quot;classic&quot;}\">\n\t\t\t\t\t\t\t<div class=\"elementor-background-overlay\"><\/div>\n\t\t\t\t\t\t\t<div class=\"elementor-container elementor-column-gap-default\">\n\t\t\t\t\t<div class=\"elementor-column elementor-col-50 elementor-top-column elementor-element elementor-element-2057553 elementor-hidden-tablet elementor-hidden-mobile\" data-id=\"2057553\" data-element_type=\"column\" data-e-type=\"column\" data-settings=\"{&quot;background_background&quot;:&quot;slideshow&quot;,&quot;background_slideshow_gallery&quot;:[{&quot;id&quot;:1809,&quot;url&quot;:&quot;https:\\\/\\\/bizathuette.com\\\/wp-content\\\/uploads\\\/2024\\\/10\\\/P1033624-1-scaled-2.jpg&quot;},{&quot;id&quot;:2817,&quot;url&quot;:&quot;https:\\\/\\\/bizathuette.com\\\/wp-content\\\/uploads\\\/2024\\\/11\\\/image00011-scaled.jpeg&quot;},{&quot;id&quot;:1808,&quot;url&quot;:&quot;https:\\\/\\\/bizathuette.com\\\/wp-content\\\/uploads\\\/2024\\\/10\\\/P1033606-scaled-3.jpg&quot;},{&quot;id&quot;:1810,&quot;url&quot;:&quot;https:\\\/\\\/bizathuette.com\\\/wp-content\\\/uploads\\\/2024\\\/10\\\/P1033643-1-scaled-3.jpg&quot;},{&quot;id&quot;:2812,&quot;url&quot;:&quot;https:\\\/\\\/bizathuette.com\\\/wp-content\\\/uploads\\\/2024\\\/11\\\/image00063-scaled.jpeg&quot;},{&quot;id&quot;:2813,&quot;url&quot;:&quot;https:\\\/\\\/bizathuette.com\\\/wp-content\\\/uploads\\\/2024\\\/11\\\/image00065-scaled.jpeg&quot;},{&quot;id&quot;:2824,&quot;url&quot;:&quot;https:\\\/\\\/bizathuette.com\\\/wp-content\\\/uploads\\\/2024\\\/11\\\/image00010-scaled.jpeg&quot;}],&quot;background_slideshow_loop&quot;:&quot;yes&quot;,&quot;background_slideshow_slide_duration&quot;:5000,&quot;background_slideshow_slide_transition&quot;:&quot;fade&quot;,&quot;background_slideshow_transition_duration&quot;:500}\">\n\t\t\t<div class=\"elementor-widget-wrap\">\n\t\t\t\t\t\t\t<\/div>\n\t\t<\/div>\n\t\t\t\t<div class=\"elementor-column elementor-col-50 elementor-top-column elementor-element elementor-element-df60eac\" data-id=\"df60eac\" data-element_type=\"column\" data-e-type=\"column\">\n\t\t\t<div class=\"elementor-widget-wrap elementor-element-populated\">\n\t\t\t\t\t\t<div class=\"elementor-element elementor-element-ba59b77 elementor-widget elementor-widget-delicios-title\" data-id=\"ba59b77\" data-element_type=\"widget\" data-e-type=\"widget\" data-widget_type=\"delicios-title.default\">\n\t\t\t\t<div class=\"elementor-widget-container\">\n\t\t\t\t\t\r\n   <div class=\"ts-section-title title-center\">\r\n      <h2 class=\"section-title \">\r\n        \u00dcber <span>uns<\/span>     <\/h2>\r\n               <i class=\"icon icon-title\"><\/i>\r\n\t\t\t      \t\t\t\r\n   <\/div>\r\n    \r\n    \t\t\t\t<\/div>\n\t\t\t\t<\/div>\n\t\t\t\t<div class=\"elementor-element elementor-element-cdc8f15 elementor-widget elementor-widget-text-editor\" data-id=\"cdc8f15\" data-element_type=\"widget\" data-e-type=\"widget\" data-widget_type=\"text-editor.default\">\n\t\t\t\t<div class=\"elementor-widget-container\">\n\t\t\t\t\t\t\t\t\t<div style=\"padding: 5px; overflow-wrap: break-word; color: #7e7d78; font-family: 'Source Sans Pro', HelveticaNeue-Light, 'Helvetica Neue Light', 'Helvetica Neue', Helvetica, Arial, 'Lucida Grande', sans-serif; text-align: start;\">\n<h2 style=\"overflow-wrap: break-word; font-family: 'Trebuchet MS', 'Lucida Sans Unicode', 'Lucida Grande', 'Lucida Sans', Arial, sans-serif, websafe; font-weight: bold; margin-right: 0px; margin-bottom: 0px; margin-left: 0px; color: #cba75b; font-size: 18px; line-height: 1.8em;\"><span style=\"color: #2c2c2c; font-family: 'ZCOOL XiaoWei'; font-size: 36px; font-weight: 400;\">Willkomen auf der Bizat H\u00fctte, ihrem Familienparadies im <\/span><span style=\"color: #2c2c2c; font-family: 'ZCOOL XiaoWei'; font-size: 36px; font-weight: 400;\">Ahrntal!<\/span><span style=\"color: #2c2c2c; font-family: 'ZCOOL XiaoWei'; font-size: 36px; font-weight: 400;\">&nbsp;<\/span><\/h2>\n<h2 style=\"overflow-wrap: break-word; font-family: 'Trebuchet MS', 'Lucida Sans Unicode', 'Lucida Grande', 'Lucida Sans', Arial, sans-serif, websafe; font-weight: bold; margin-right: 0px; margin-bottom: 0px; margin-left: 0px; color: #cba75b; font-size: 18px; line-height: 1.25em;\"><span style=\"font-size: 17px; color: #666666; font-weight: var( --e-global-typography-text-font-weight );\">Die Bizat H\u00fctte im Ahrntal ist ein Geheimtipp f\u00fcr Familien, Naturfreunde und Genie\u00dfer. Auf einer sonnigen Waldlichtung gelegen, sorgt Herbert mit seinem Team mit viel Gastfreundschaft und hausgemachten Spezialit\u00e4ten f\u00fcr das Wohl seiner G\u00e4ste. Eine Sonnenterrasse und eine gro\u00dfe Liegewiese laden zum Verweilen ein und auf die Kinder wartet ein sch\u00f6ner Spielplatz oder sie k\u00f6nnen die vielen Kleintiere die hier leben besuchen. Zur H\u00fctte geh\u00f6rt auch die 2016 erbaute Auferstehungskapelle. Die Kapelle ist f\u00fcr viele ein Kraftplatz und man genie\u00dft von hier aus einen herrlichen Blick auf die imposanten Berge des Ahrntals wie den Rauchkofel oder den Durreck.<\/span><\/h2>\n<\/div>\n<div style=\"padding: 5px; overflow-wrap: break-word; font-family: 'Trebuchet MS', 'Lucida Sans Unicode', 'Lucida Grande', 'Lucida Sans', Arial, sans-serif, websafe; font-size: 17px; line-height: 1.5em; text-align: start;\">\n<p style=\"margin-bottom: 0px;\">Die Liebe zum Detail ist in der mit viel Begeisterung gef\u00fchrten H\u00fctte \u00fcberall sp\u00fcrbar.<\/p>\n<div>\n<h2>Genussvolle S\u00fcdtiroler K\u00fcche<\/h2>\n<\/div>\n<div>\n<p>Die Bizat-H\u00fctte ist ein Ort f\u00fcr Liebhaber der S\u00fcdtiroler K\u00fcche mit Raffinesse. Mit Vorliebe werden regionale und saisonale Produkte verarbeitet. Auf der Speisekarte finden sich S\u00fcdtiroler Spezialit\u00e4ten wie hausgemachte Kn\u00f6del, Apfelk\u00fcchlein oder k\u00f6stliche Fleischgerichte ebenso wie Nudeln mit besonderem Pfiff, frische Salate, verfeinert mit handgepfl\u00fcckten Almkr\u00e4utern und Blumen. Hausgemachte S\u00fc\u00dfspeisen wie Kuchen, Strudel und Eis oder eine z\u00fcnftige Marende verw\u00f6hnen die G\u00e4ste am Nachmittag. Auf Vorbestellung gibt es auch ein liebevoll zubereitetes Fr\u00fchst\u00fcck mit frischem Obst und Eierspeisen.<\/p>\n<\/div>\n<\/div>\t\t\t\t\t\t\t\t<\/div>\n\t\t\t\t<\/div>\n\t\t\t\t<div class=\"elementor-element elementor-element-f50af84 elementor-widget-mobile__width-inherit elementor-hidden-desktop elementor-arrows-position-inside elementor-pagination-position-outside elementor-widget elementor-widget-image-carousel\" data-id=\"f50af84\" data-element_type=\"widget\" data-e-type=\"widget\" data-settings=\"{&quot;navigation&quot;:&quot;both&quot;,&quot;autoplay&quot;:&quot;yes&quot;,&quot;pause_on_hover&quot;:&quot;yes&quot;,&quot;pause_on_interaction&quot;:&quot;yes&quot;,&quot;autoplay_speed&quot;:5000,&quot;infinite&quot;:&quot;yes&quot;,&quot;speed&quot;:500}\" data-widget_type=\"image-carousel.default\">\n\t\t\t\t<div class=\"elementor-widget-container\">\n\t\t\t\t\t\t\t<div class=\"elementor-image-carousel-wrapper swiper\" role=\"region\" aria-roledescription=\"carousel\" aria-label=\"Bild Karussell\" dir=\"ltr\">\n\t\t\t<div class=\"elementor-image-carousel swiper-wrapper\" aria-live=\"off\">\n\t\t\t\t\t\t\t\t<div class=\"swiper-slide\" role=\"group\" aria-roledescription=\"slide\" aria-label=\"1 von 4\"><figure class=\"swiper-slide-inner\"><img decoding=\"async\" class=\"swiper-slide-image\" src=\"https:\/\/bizathuette.com\/wp-content\/uploads\/2024\/10\/P1033624-1-scaled-2-768x1024.jpg\" alt=\"Kirche\" \/><\/figure><\/div><div class=\"swiper-slide\" role=\"group\" aria-roledescription=\"slide\" aria-label=\"2 von 4\"><figure class=\"swiper-slide-inner\"><img decoding=\"async\" class=\"swiper-slide-image\" src=\"https:\/\/bizathuette.com\/wp-content\/uploads\/2024\/11\/image00011-738x1024.jpeg\" alt=\"Rote Geranien und wei\u00dfe Blumen in einem Blumenkasten an einer Holzfassade.\" \/><\/figure><\/div><div class=\"swiper-slide\" role=\"group\" aria-roledescription=\"slide\" aria-label=\"3 von 4\"><figure class=\"swiper-slide-inner\"><img decoding=\"async\" class=\"swiper-slide-image\" src=\"https:\/\/bizathuette.com\/wp-content\/uploads\/2024\/11\/image00065-768x1024.jpeg\" alt=\"Ein Wasserfall, der \u00fcber Felsen in einem bewaldeten Gebiet flie\u00dft, umgeben von gr\u00fcnen B\u00e4umen.\" \/><\/figure><\/div><div class=\"swiper-slide\" role=\"group\" aria-roledescription=\"slide\" aria-label=\"4 von 4\"><figure class=\"swiper-slide-inner\"><img decoding=\"async\" class=\"swiper-slide-image\" src=\"https:\/\/bizathuette.com\/wp-content\/uploads\/2024\/11\/image00010-768x1024.jpeg\" alt=\"Herzf\u00f6rmiger Metalltopf mit verschiedenen Sukkulenten und Steinen gef\u00fcllt.\" \/><\/figure><\/div>\t\t\t<\/div>\n\t\t\t\t\t\t\t\t\t\t\t\t<div class=\"elementor-swiper-button elementor-swiper-button-prev\" role=\"button\" tabindex=\"0\">\n\t\t\t\t\t\t<i aria-hidden=\"true\" class=\"eicon-chevron-left\"><\/i>\t\t\t\t\t<\/div>\n\t\t\t\t\t<div class=\"elementor-swiper-button elementor-swiper-button-next\" role=\"button\" tabindex=\"0\">\n\t\t\t\t\t\t<i aria-hidden=\"true\" class=\"eicon-chevron-right\"><\/i>\t\t\t\t\t<\/div>\n\t\t\t\t\n\t\t\t\t\t\t\t\t\t<div class=\"swiper-pagination\"><\/div>\n\t\t\t\t\t\t\t\t\t<\/div>\n\t\t\t\t\t\t<\/div>\n\t\t\t\t<\/div>\n\t\t\t\t\t<\/div>\n\t\t<\/div>\n\t\t\t\t\t<\/div>\n\t\t<\/section>\n\t\t\t\t<section class=\"elementor-section elementor-top-section elementor-element elementor-element-7dd0c0f elementor-section-boxed elementor-section-height-default elementor-section-height-default\" data-id=\"7dd0c0f\" data-element_type=\"section\" data-e-type=\"section\" data-settings=\"{&quot;background_background&quot;:&quot;classic&quot;}\">\n\t\t\t\t\t\t\t<div class=\"elementor-background-overlay\"><\/div>\n\t\t\t\t\t\t\t<div class=\"elementor-container elementor-column-gap-default\">\n\t\t\t\t\t<div class=\"elementor-column elementor-col-50 elementor-top-column elementor-element elementor-element-08383da\" data-id=\"08383da\" data-element_type=\"column\" data-e-type=\"column\">\n\t\t\t<div class=\"elementor-widget-wrap elementor-element-populated\">\n\t\t\t\t\t\t<div class=\"elementor-element elementor-element-cf87c50 elementor-widget elementor-widget-delicios-title\" data-id=\"cf87c50\" data-element_type=\"widget\" data-e-type=\"widget\" data-widget_type=\"delicios-title.default\">\n\t\t\t\t<div class=\"elementor-widget-container\">\n\t\t\t\t\t\r\n   <div class=\"ts-section-title title-center\">\r\n      <h2 class=\"section-title \">\r\n          Der <span>Frankbachwasserfall<\/span>     <\/h2>\r\n               <i class=\"icon icon-title\"><\/i>\r\n\t\t\t      \t\t\t\r\n   <\/div>\r\n    \r\n    \t\t\t\t<\/div>\n\t\t\t\t<\/div>\n\t\t\t\t<div class=\"elementor-element elementor-element-f148617 elementor-widget elementor-widget-text-editor\" data-id=\"f148617\" data-element_type=\"widget\" data-e-type=\"widget\" data-widget_type=\"text-editor.default\">\n\t\t\t\t<div class=\"elementor-widget-container\">\n\t\t\t\t\t\t\t\t\t<p>Auf dem Weg zur Bizath\u00fctte<\/p>\t\t\t\t\t\t\t\t<\/div>\n\t\t\t\t<\/div>\n\t\t\t\t<div class=\"elementor-element elementor-element-f71c0d6 elementor-widget elementor-widget-image\" data-id=\"f71c0d6\" data-element_type=\"widget\" data-e-type=\"widget\" data-widget_type=\"image.default\">\n\t\t\t\t<div class=\"elementor-widget-container\">\n\t\t\t\t\t\t\t\t\t\t\t\t\t\t\t<img fetchpriority=\"high\" decoding=\"async\" width=\"800\" height=\"800\" src=\"https:\/\/bizathuette.com\/wp-content\/uploads\/2024\/10\/bd786240-169e-418f-b87c-6390ddf0d477-1024x1024.jpg\" class=\"attachment-large size-large wp-image-2439\" alt=\"\" srcset=\"https:\/\/bizathuette.com\/wp-content\/uploads\/2024\/10\/bd786240-169e-418f-b87c-6390ddf0d477-1024x1024.jpg 1024w, https:\/\/bizathuette.com\/wp-content\/uploads\/2024\/10\/bd786240-169e-418f-b87c-6390ddf0d477-300x300.jpg 300w, https:\/\/bizathuette.com\/wp-content\/uploads\/2024\/10\/bd786240-169e-418f-b87c-6390ddf0d477-150x150.jpg 150w, https:\/\/bizathuette.com\/wp-content\/uploads\/2024\/10\/bd786240-169e-418f-b87c-6390ddf0d477-768x768.jpg 768w, https:\/\/bizathuette.com\/wp-content\/uploads\/2024\/10\/bd786240-169e-418f-b87c-6390ddf0d477.jpg 1204w\" sizes=\"(max-width: 800px) 100vw, 800px\" \/>\t\t\t\t\t\t\t\t\t\t\t\t\t\t\t<\/div>\n\t\t\t\t<\/div>\n\t\t\t\t<div class=\"elementor-element elementor-element-aed6e0c elementor-shape-rounded elementor-grid-0 e-grid-align-center elementor-widget elementor-widget-social-icons\" data-id=\"aed6e0c\" data-element_type=\"widget\" data-e-type=\"widget\" data-widget_type=\"social-icons.default\">\n\t\t\t\t<div class=\"elementor-widget-container\">\n\t\t\t\t\t\t\t<div class=\"elementor-social-icons-wrapper elementor-grid\" role=\"list\">\n\t\t\t\t\t\t\t<span class=\"elementor-grid-item\" role=\"listitem\">\n\t\t\t\t\t<a class=\"elementor-icon elementor-social-icon elementor-social-icon-facebook elementor-repeater-item-f57db7a\" href=\"https:\/\/www.facebook.com\/share\/ej8YpjyusAG7QTUh\/?mibextid=LQQJ4d\" target=\"_blank\">\n\t\t\t\t\t\t<span class=\"elementor-screen-only\">Facebook<\/span>\n\t\t\t\t\t\t<i aria-hidden=\"true\" class=\"fab fa-facebook\"><\/i>\t\t\t\t\t<\/a>\n\t\t\t\t<\/span>\n\t\t\t\t\t\t\t<span class=\"elementor-grid-item\" role=\"listitem\">\n\t\t\t\t\t<a class=\"elementor-icon elementor-social-icon elementor-social-icon-instagram elementor-repeater-item-127c43f\" href=\"https:\/\/www.instagram.com\/bizat_huette\/profilecard\/?igsh=MTRpM2Uzcng2czNueg==\" target=\"_blank\">\n\t\t\t\t\t\t<span class=\"elementor-screen-only\">Instagram<\/span>\n\t\t\t\t\t\t<i aria-hidden=\"true\" class=\"fab fa-instagram\"><\/i>\t\t\t\t\t<\/a>\n\t\t\t\t<\/span>\n\t\t\t\t\t<\/div>\n\t\t\t\t\t\t<\/div>\n\t\t\t\t<\/div>\n\t\t\t\t<div class=\"elementor-element elementor-element-14e9eaa elementor-view-stacked elementor-shape-circle elementor-widget elementor-widget-icon\" data-id=\"14e9eaa\" data-element_type=\"widget\" data-e-type=\"widget\" data-widget_type=\"icon.default\">\n\t\t\t\t<div class=\"elementor-widget-container\">\n\t\t\t\t\t\t\t<div class=\"elementor-icon-wrapper\">\n\t\t\t<a class=\"elementor-icon\" href=\"https:\/\/wa.me\/+393493622039\">\n\t\t\t<i aria-hidden=\"true\" class=\"fab fa-whatsapp\"><\/i>\t\t\t<\/a>\n\t\t<\/div>\n\t\t\t\t\t\t<\/div>\n\t\t\t\t<\/div>\n\t\t\t\t<div class=\"elementor-element elementor-element-ccb86d5 elementor-view-default elementor-widget elementor-widget-icon\" data-id=\"ccb86d5\" data-element_type=\"widget\" data-e-type=\"widget\" data-widget_type=\"icon.default\">\n\t\t\t\t<div class=\"elementor-widget-container\">\n\t\t\t\t\t\t\t<div class=\"elementor-icon-wrapper\">\n\t\t\t<a class=\"elementor-icon\" href=\"tel:+39%200474%20646694\">\n\t\t\t<i aria-hidden=\"true\" class=\"fas fa-phone-alt\"><\/i>\t\t\t<\/a>\n\t\t<\/div>\n\t\t\t\t\t\t<\/div>\n\t\t\t\t<\/div>\n\t\t\t\t\t<\/div>\n\t\t<\/div>\n\t\t\t\t<div class=\"elementor-column elementor-col-50 elementor-top-column elementor-element elementor-element-9a825e4\" data-id=\"9a825e4\" data-element_type=\"column\" data-e-type=\"column\" data-settings=\"{&quot;background_background&quot;:&quot;classic&quot;}\">\n\t\t\t<div class=\"elementor-widget-wrap elementor-element-populated\">\n\t\t\t\t\t\t<div class=\"elementor-element elementor-element-0162f9a elementor-widget elementor-widget-image\" data-id=\"0162f9a\" data-element_type=\"widget\" data-e-type=\"widget\" data-widget_type=\"image.default\">\n\t\t\t\t<div class=\"elementor-widget-container\">\n\t\t\t\t\t\t\t\t\t\t\t\t\t\t\t<img decoding=\"async\" width=\"1200\" height=\"1600\" src=\"https:\/\/bizathuette.com\/wp-content\/uploads\/2024\/10\/WhatsApp-Bild-2024-07-23-um-10.14.52_e6a2808a-1.jpg\" class=\"elementor-animation-float attachment-full size-full wp-image-1801\" alt=\"\" srcset=\"https:\/\/bizathuette.com\/wp-content\/uploads\/2024\/10\/WhatsApp-Bild-2024-07-23-um-10.14.52_e6a2808a-1.jpg 1200w, https:\/\/bizathuette.com\/wp-content\/uploads\/2024\/10\/WhatsApp-Bild-2024-07-23-um-10.14.52_e6a2808a-1-225x300.jpg 225w, https:\/\/bizathuette.com\/wp-content\/uploads\/2024\/10\/WhatsApp-Bild-2024-07-23-um-10.14.52_e6a2808a-1-768x1024.jpg 768w, https:\/\/bizathuette.com\/wp-content\/uploads\/2024\/10\/WhatsApp-Bild-2024-07-23-um-10.14.52_e6a2808a-1-1152x1536.jpg 1152w\" sizes=\"(max-width: 1200px) 100vw, 1200px\" \/>\t\t\t\t\t\t\t\t\t\t\t\t\t\t\t<\/div>\n\t\t\t\t<\/div>\n\t\t\t\t\t<\/div>\n\t\t<\/div>\n\t\t\t\t\t<\/div>\n\t\t<\/section>\n\t\t\t\t<\/div>\n\t\t","protected":false},"excerpt":{"rendered":"<p>\u00dcber uns Willkomen auf der Bizat H\u00fctte, ihrem Familienparadies im Ahrntal!&nbsp; Die Bizat H\u00fctte im Ahrntal ist ein Geheimtipp f\u00fcr Familien, Naturfreunde und Genie\u00dfer. Auf einer sonnigen Waldlichtung gelegen, sorgt Herbert mit seinem Team mit viel Gastfreundschaft und hausgemachten Spezialit\u00e4ten f\u00fcr das Wohl seiner G\u00e4ste. Eine Sonnenterrasse und eine gro\u00dfe Liegewiese laden zum Verweilen ein [&hellip;]<\/p>\n","protected":false},"author":1,"featured_media":0,"parent":0,"menu_order":0,"comment_status":"closed","ping_status":"closed","template":"template\/full-width-template.php","meta":{"footnotes":""},"class_list":["post-842","page","type-page","status-publish","hentry"],"aioseo_notices":[],"_links":{"self":[{"href":"https:\/\/bizathuette.com\/it\/wp-json\/wp\/v2\/pages\/842","targetHints":{"allow":["GET"]}}],"collection":[{"href":"https:\/\/bizathuette.com\/it\/wp-json\/wp\/v2\/pages"}],"about":[{"href":"https:\/\/bizathuette.com\/it\/wp-json\/wp\/v2\/types\/page"}],"author":[{"embeddable":true,"href":"https:\/\/bizathuette.com\/it\/wp-json\/wp\/v2\/users\/1"}],"replies":[{"embeddable":true,"href":"https:\/\/bizathuette.com\/it\/wp-json\/wp\/v2\/comments?post=842"}],"version-history":[{"count":0,"href":"https:\/\/bizathuette.com\/it\/wp-json\/wp\/v2\/pages\/842\/revisions"}],"wp:attachment":[{"href":"https:\/\/bizathuette.com\/it\/wp-json\/wp\/v2\/media?parent=842"}],"curies":[{"name":"wp","href":"https:\/\/api.w.org\/{rel}","templated":true}]}}