{"id":920,"date":"2024-10-20T09:10:15","date_gmt":"2024-10-20T09:10:15","guid":{"rendered":"https:\/\/bizathuette.com\/?page_id=920"},"modified":"2024-12-26T16:20:23","modified_gmt":"2024-12-26T16:20:23","slug":"wie-sie-uns-finden","status":"publish","type":"page","link":"https:\/\/bizathuette.com\/it\/wie-sie-uns-finden\/","title":{"rendered":"Come trovarci"},"content":{"rendered":"<div data-elementor-type=\"wp-post\" data-elementor-id=\"920\" class=\"elementor elementor-920\" data-elementor-post-type=\"page\">\n\t\t\t\t\t\t<section class=\"elementor-section elementor-top-section elementor-element elementor-element-266d654 elementor-section-boxed elementor-section-height-default elementor-section-height-default\" data-id=\"266d654\" data-element_type=\"section\" data-e-type=\"section\" data-settings=\"{&quot;background_background&quot;:&quot;classic&quot;}\">\n\t\t\t\t\t\t<div class=\"elementor-container elementor-column-gap-default\">\n\t\t\t\t\t<div class=\"elementor-column elementor-col-100 elementor-top-column elementor-element elementor-element-fa317b9\" data-id=\"fa317b9\" data-element_type=\"column\" data-e-type=\"column\">\n\t\t\t<div class=\"elementor-widget-wrap elementor-element-populated\">\n\t\t\t\t\t\t<div class=\"elementor-element elementor-element-af43a40 elementor-widget elementor-widget-delicios-title\" data-id=\"af43a40\" data-element_type=\"widget\" data-e-type=\"widget\" data-widget_type=\"delicios-title.default\">\n\t\t\t\t<div class=\"elementor-widget-container\">\n\t\t\t\t\t\r\n   <div class=\"ts-section-title title-center\">\r\n      <h2 class=\"section-title\">\r\n        Come <span>trovarci<\/span>     <\/h2>\r\n               <i class=\"icon icon-title\"><\/i>\r\n\t\t\t      \t\t\t\r\n   <\/div>\r\n    \r\n    \t\t\t\t<\/div>\n\t\t\t\t<\/div>\n\t\t\t\t<section class=\"elementor-section elementor-inner-section elementor-element elementor-element-be71c57 elementor-section-boxed elementor-section-height-default elementor-section-height-default\" data-id=\"be71c57\" data-element_type=\"section\" data-e-type=\"section\">\n\t\t\t\t\t\t<div class=\"elementor-container elementor-column-gap-default\">\n\t\t\t\t\t<div class=\"elementor-column elementor-col-50 elementor-inner-column elementor-element elementor-element-e102434\" data-id=\"e102434\" data-element_type=\"column\" data-e-type=\"column\">\n\t\t\t<div class=\"elementor-widget-wrap elementor-element-populated\">\n\t\t\t\t\t\t<div class=\"elementor-element elementor-element-c2cd5d7 elementor-widget elementor-widget-text-editor\" data-id=\"c2cd5d7\" data-element_type=\"widget\" data-e-type=\"widget\" data-widget_type=\"text-editor.default\">\n\t\t\t\t<div class=\"elementor-widget-container\">\n\t\t\t\t\t\t\t\t\t<div style=\"padding: 5px; overflow-wrap: break-word; color: #7e7d78; font-family: 'Source Sans Pro', HelveticaNeue-Light, 'Helvetica Neue Light', 'Helvetica Neue', Helvetica, Arial, 'Lucida Grande', sans-serif; background-color: #ffffff;\"><h2 id=\"cc-m-header-12057638294\" class=\"\" style=\"overflow-wrap: break-word; font-family: 'Trebuchet MS', 'Lucida Sans Unicode', 'Lucida Grande', 'Lucida Sans', Arial, sans-serif, websafe; font-weight: bold; margin: 0px; color: #cba75b; font-size: 18px; line-height: 1.25em; text-align: left; font-style: normal; text-transform: none;\">Come arrivare al rifugio Bizat H\u00fctte<\/h2><div id=\"cc-m-12057638294\" class=\"j-module n j-header\" style=\"padding: 5px; overflow-wrap: break-word; color: #7e7d78; font-family: 'Source Sans Pro', HelveticaNeue-Light, 'Helvetica Neue Light', 'Helvetica Neue', Helvetica, Arial, 'Lucida Grande', sans-serif; font-size: 16px; font-weight: 400;\">\u00a0<\/div><div id=\"cc-m-12057638394\" class=\"j-module n j-text\" style=\"padding: 5px; overflow-wrap: break-word; color: #666666; font-size: 17px; line-height: 1.5em; font-weight: 400;\"><p style=\"margin-bottom: 0px;\"><span style=\"background-color: rgba(0, 0, 0, 0);\">l rifugio Bizat \u00e8 raggiungibile attraverso il sentiero tematico delle streghe.<\/span>\u00a0Il sentiero, adatto alle famiglie, parte da San Giovanni in Valle Aurina e passa per l'imponente cascata Frankbach. Ben segnalato e costellato di stazioni divertenti come la Casa delle Streghe del Sole, la Grotta dell'Orso, il grande carillon, la famiglia di orsi in legno a grandezza naturale, il grande omino di pietra e una parete da arrampicata, il sentiero \u00e8 molto apprezzato anche dai bambini. L'escursione di 4 km dura circa 1 ora e attraversa bellissimi prati e boschi.<\/p><p style=\"margin-bottom: 0px;\">\u00a0<\/p><p style=\"margin-bottom: 0px;\">Un sentiero pi\u00f9 breve, facilmente accessibile anche con un passeggino, parte dal parcheggio della Bizat H\u00fctte. Per raggiungerlo, si deve uscire in auto dalla pasticceria Christian a San Giovanni e percorrere circa 2,4 km. Questa breve passeggiata \u00e8 facile da gestire per grandi e piccini, la camminata fino al rifugio dura circa 15 minuti. Il rifugio Bizat si trova anche sul sentiero del Sole, \u00e8 facilmente accessibile agli appassionati di mountain bike e offre un bellissimo tour.<\/p><\/div><\/div><div style=\"padding: 5px; overflow-wrap: break-word; color: #666666; font-family: 'Trebuchet MS', 'Lucida Sans Unicode', 'Lucida Grande', 'Lucida Sans', Arial, sans-serif, websafe; font-size: 17px; line-height: 1.5em; background-color: #ffffff;\"><div style=\"font-size: 16px; padding: 5px; overflow-wrap: break-word; color: #7e7d78; font-family: 'Source Sans Pro', HelveticaNeue-Light, 'Helvetica Neue Light', 'Helvetica Neue', Helvetica, Arial, 'Lucida Grande', sans-serif;\"><h2 style=\"margin-right: 0px; margin-bottom: 0px; margin-left: 0px; font-family: 'Trebuchet MS', 'Lucida Sans Unicode', 'Lucida Grande', 'Lucida Sans', Arial, sans-serif, websafe; font-weight: bold; line-height: 1.25em; color: #cba75b; font-size: 18px; overflow-wrap: break-word;\">\u00a0<\/h2><\/div><p style=\"margin-bottom: 0px;\">\u00a0<\/p><p style=\"margin-bottom: 0px;\">\u00a0<\/p><\/div>\t\t\t\t\t\t\t\t<\/div>\n\t\t\t\t<\/div>\n\t\t\t\t\t<\/div>\n\t\t<\/div>\n\t\t\t\t<div class=\"elementor-column elementor-col-50 elementor-inner-column elementor-element elementor-element-e0b3f8e\" data-id=\"e0b3f8e\" data-element_type=\"column\" data-e-type=\"column\">\n\t\t\t<div class=\"elementor-widget-wrap elementor-element-populated\">\n\t\t\t\t\t\t<div class=\"elementor-element elementor-element-f4aaabc elementor-widget elementor-widget-image\" data-id=\"f4aaabc\" data-element_type=\"widget\" data-e-type=\"widget\" data-widget_type=\"image.default\">\n\t\t\t\t<div class=\"elementor-widget-container\">\n\t\t\t\t\t\t\t\t\t\t\t\t\t\t\t<img fetchpriority=\"high\" decoding=\"async\" width=\"800\" height=\"800\" src=\"https:\/\/bizathuette.com\/wp-content\/uploads\/2024\/10\/bd786240-169e-418f-b87c-6390ddf0d477-1024x1024.jpg\" class=\"attachment-large size-large wp-image-2439\" alt=\"\" srcset=\"https:\/\/bizathuette.com\/wp-content\/uploads\/2024\/10\/bd786240-169e-418f-b87c-6390ddf0d477-1024x1024.jpg 1024w, https:\/\/bizathuette.com\/wp-content\/uploads\/2024\/10\/bd786240-169e-418f-b87c-6390ddf0d477-300x300.jpg 300w, https:\/\/bizathuette.com\/wp-content\/uploads\/2024\/10\/bd786240-169e-418f-b87c-6390ddf0d477-150x150.jpg 150w, https:\/\/bizathuette.com\/wp-content\/uploads\/2024\/10\/bd786240-169e-418f-b87c-6390ddf0d477-768x768.jpg 768w, https:\/\/bizathuette.com\/wp-content\/uploads\/2024\/10\/bd786240-169e-418f-b87c-6390ddf0d477.jpg 1204w\" sizes=\"(max-width: 800px) 100vw, 800px\" \/>\t\t\t\t\t\t\t\t\t\t\t\t\t\t\t<\/div>\n\t\t\t\t<\/div>\n\t\t\t\t\t<\/div>\n\t\t<\/div>\n\t\t\t\t\t<\/div>\n\t\t<\/section>\n\t\t\t\t\t<\/div>\n\t\t<\/div>\n\t\t\t\t\t<\/div>\n\t\t<\/section>\n\t\t\t\t<\/div>","protected":false},"excerpt":{"rendered":"<p>Wie Sie uns finden Wie Sie zur Bizat H\u00fctte kommen \u00a0 \u00dcber den Themenweg Hexensteig gelangt man zur Bizat H\u00fctte.\u00a0Der familienfreundliche Weg f\u00fchrt von\u00a0St. Johann im Ahrntal vorbei am imposanten Frankbach Wasserfall. Gut beschildert und gespickt mit unterhaltsamen Stationen wie dem Sonnenhexenhaus, der B\u00e4renh\u00f6hle, dem gro\u00dfen Glockenspiel, der lebensgro\u00dfen B\u00e4renfamilie aus Holz sowie\u00a0dem gro\u00dfen Steinmanldl [&hellip;]<\/p>\n","protected":false},"author":1,"featured_media":0,"parent":0,"menu_order":0,"comment_status":"closed","ping_status":"closed","template":"template\/full-width-template.php","meta":{"footnotes":""},"class_list":["post-920","page","type-page","status-publish","hentry"],"aioseo_notices":[],"_links":{"self":[{"href":"https:\/\/bizathuette.com\/it\/wp-json\/wp\/v2\/pages\/920","targetHints":{"allow":["GET"]}}],"collection":[{"href":"https:\/\/bizathuette.com\/it\/wp-json\/wp\/v2\/pages"}],"about":[{"href":"https:\/\/bizathuette.com\/it\/wp-json\/wp\/v2\/types\/page"}],"author":[{"embeddable":true,"href":"https:\/\/bizathuette.com\/it\/wp-json\/wp\/v2\/users\/1"}],"replies":[{"embeddable":true,"href":"https:\/\/bizathuette.com\/it\/wp-json\/wp\/v2\/comments?post=920"}],"version-history":[{"count":0,"href":"https:\/\/bizathuette.com\/it\/wp-json\/wp\/v2\/pages\/920\/revisions"}],"wp:attachment":[{"href":"https:\/\/bizathuette.com\/it\/wp-json\/wp\/v2\/media?parent=920"}],"curies":[{"name":"wp","href":"https:\/\/api.w.org\/{rel}","templated":true}]}}